{"id":5795,"date":"2025-09-03T13:42:10","date_gmt":"2025-09-03T11:42:10","guid":{"rendered":"https:\/\/hoenle.cn\/?page_id=5795"},"modified":"2026-01-27T14:11:03","modified_gmt":"2026-01-27T13:11:03","slug":"sales-partners","status":"publish","type":"page","link":"https:\/\/hoenle.cn\/en\/company\/sales-partners\/","title":{"rendered":"Sales Partners"},"content":{"rendered":"<div class=\"wpb-content-wrapper\"><p>[vc_section css=&#8221;.vc_custom_1756460239057{background-color: #F2F4F6 !important;}&#8221;][vc_row][vc_column]\n<h1 class=\"akt-heading akt-heading--block akt-heading--h1 akt-heading--align-left\">\n            <span class=\"akt-heading__part akt-heading__part--light\">Sales<\/span>\n                <span class=\"akt-heading__part akt-heading__part--bold\">Partners<\/span>\n    <\/h1>[\/vc_column][\/vc_row][vc_row][vc_column width=&#8221;1\/2&#8243;]\n<p class=\"akt-h1-subline akt-h1-subline--align-left\">\n    Hoenle and our partners near you<\/p>[\/vc_column][vc_column width=&#8221;1\/2&#8243;][vc_column_text css=&#8221;&#8221;]We offer a broad network of sales partners to meet your needs locally. Whether it\u2019s in Europe, Asia, Australia or in the Americas. You can reach us worldwide.[\/vc_column_text][\/vc_column][\/vc_row][\/vc_section][vc_section css=&#8221;.vc_custom_1756462209985{background-color: #F2F4F6 !important;}&#8221;][vc_row][vc_column][vc_tta_accordion style=&#8221;modern&#8221; spacing=&#8221;10&#8243; gap=&#8221;10&#8243; c_icon=&#8221;chevron&#8221; active_section=&#8221;1&#8243; collapsible_all=&#8221;true&#8221;][vc_tta_section title=&#8221;Adhesive Systems&#8221; tab_id=&#8221;1756897286448-be2b3a5c-a158&#8243;][vc_row_inner][vc_column_inner width=&#8221;1\/3&#8243;][vc_column_text css=&#8221;&#8221;]<\/p>\n<h3>Eiskopf<\/h3>\n<p>Jaanus Eiskop<br \/>\n3rd floor, Metro Plaza,<br \/>\nViru V\u00e4ljak 2<br \/>\n10111 Tallinn<\/p>\n<p>ESTONIA<\/p>\n<p><strong>T.<\/strong> <strong>+<\/strong>372 6788080<br \/>\n<strong>F.<\/strong> <strong>+<\/strong>372 56247146<br \/>\n<a href=\"mailto:jaanus@eiskop.ee\">jaanus@eiskop.ee<\/a><br \/>\n<a href=\"https:\/\/www.eiskopf.eu\" target=\"_blank\" rel=\"noopener\">www.eiskopf.eu<\/a>[\/vc_column_text][\/vc_column_inner][vc_column_inner width=&#8221;1\/3&#8243;][vc_column_text css=&#8221;&#8221;]<\/p>\n<h3>Techsil Limited<\/h3>\n<p>34 Bidavon Industrial Estate<br \/>\nWaterloo Road, Bidford on Avon<br \/>\nB50 4JN Warwickshire<\/p>\n<p>UK<\/p>\n<p><strong>T.<\/strong> <strong>+<\/strong>44 1789 77 32 32<br \/>\n<strong>F.<\/strong> <strong>+<\/strong>44 1789 77 42 39<br \/>\n<a href=\"mailto:sales@techsil.co.uk\">sales@techsil.co.uk<\/a><br \/>\n<a href=\"https:\/\/www.techsil.co.uk\" target=\"_blank\" rel=\"noopener\">www.techsil.co.uk<\/a>[\/vc_column_text][\/vc_column_inner][vc_column_inner width=&#8221;1\/3&#8243;][vc_column_text css=&#8221;&#8221;]<\/p>\n<h3>San Printech Pvt. Ltd.<\/h3>\n<p>502, Kanakia Atrium 2,<br \/>\nNext to courtyard marriott,<br \/>\nAndheri &#8211; Kurla Road, Andheri East,<br \/>\nMumbai- 400059<\/p>\n<p>INDIA<\/p>\n<p><strong>T. +<\/strong>91 8976917141\/42\/43<br \/>\n<a href=\"mailto:sales@sanprintech.com\">sales@sanprintech.com<\/a><br \/>\n<a href=\"http:\/\/www.sanprintech.com\" target=\"_blank\" rel=\"noopener\">www.sanprintech.com<\/a>[\/vc_column_text][\/vc_column_inner][\/vc_row_inner][vc_row_inner][vc_column_inner width=&#8221;1\/3&#8243;][vc_column_text css=&#8221;&#8221;]<\/p>\n<h3>ECT Adhesive Solutions<\/h3>\n<p>Unit 5, Willsborough Industrial Estate,<br \/>\nClonshaugh,<br \/>\nDublin, D17 X336<\/p>\n<p>IRELAND<\/p>\n<p><strong>T. +<\/strong>353 1 885 0000<br \/>\n<a href=\"mailto:info@ect.ie\">info@ect.ie<\/a><br \/>\n<a href=\"https:\/\/www.ect.ie\" target=\"_blank\" rel=\"noopener\">www.ect.ie<\/a>[\/vc_column_text][\/vc_column_inner][vc_column_inner width=&#8221;1\/3&#8243;][vc_column_text css=&#8221;&#8221;]<\/p>\n<h3>Biesterfeld Norge AS<\/h3>\n<p>Torvuttaket 89<br \/>\nN-1540 Vestby<\/p>\n<p>NORWAY<\/p>\n<p><strong>T. +<\/strong>47 6497 5555<br \/>\n<strong>F.<\/strong> <strong>+<\/strong>47 6497 5556<br \/>\n<a href=\"mailto:post@biesterfeld.no\">post@biesterfeld.no<\/a><br \/>\n<a href=\"https:\/\/www.biesterfeld.no\" target=\"_blank\" rel=\"noopener\">www.biesterfeld.no<\/a>[\/vc_column_text][\/vc_column_inner][vc_column_inner width=&#8221;1\/3&#8243;][vc_column_text css=&#8221;&#8221;]<\/p>\n<h3>UC.H. Erbsl\u00f6h Polska Sp. z o.o.<\/h3>\n<p>ul. Farbiarska 69<br \/>\n02-862 Warszawa<\/p>\n<p>POLAND<\/p>\n<p><strong>T. +<\/strong>48 22 899 19 44-46<br \/>\n<strong>F. +<\/strong>48 22 899 19 47<br \/>\ninfo.pl@cherbsloeh.com<br \/>\nwww.sanprintech.com[\/vc_column_text][\/vc_column_inner][\/vc_row_inner][vc_row_inner][vc_column_inner width=&#8221;1\/3&#8243;][vc_column_text css=&#8221;&#8221;]<\/p>\n<h3>Ulbrich GmbH<\/h3>\n<p>Josefsthalerstr. 34<br \/>\n2512 Tribuswinkel<\/p>\n<p>AUSTRIA<\/p>\n<p><strong>T.<\/strong> <strong>+<\/strong>43 2252 802 13<br \/>\n<strong>F. +<\/strong>43 2252 806 59<br \/>\n<a href=\"mailto:office@ulbrich.at\">office@ulbrich.at<\/a><br \/>\n<a href=\"https:\/\/www.ulbrich-group.com\" target=\"_blank\" rel=\"noopener\">www.ulbrich-group.com<\/a>[\/vc_column_text][\/vc_column_inner][vc_column_inner width=&#8221;1\/3&#8243;][vc_column_text css=&#8221;&#8221;]<\/p>\n<h3>Permapack AG<\/h3>\n<p>Reitbahnstrasse 51<br \/>\n9401 Rorschach<\/p>\n<p>SWITZERLAND<\/p>\n<p><strong>T.<\/strong> <strong>+<\/strong>41 7184 417 48<br \/>\n<strong>F. +<\/strong>41 7184 412 13<br \/>\n<a href=\"mailto:industrie@permapack.ch\">industrie@permapack.ch<\/a><br \/>\n<a href=\"https:\/\/www.permapack.ch\" target=\"_blank\" rel=\"noopener\">www.permapack.ch<\/a>[\/vc_column_text][\/vc_column_inner][vc_column_inner width=&#8221;1\/3&#8243;][vc_column_text css=&#8221;&#8221;]<\/p>\n<h3>Axend Pte Ltd.<\/h3>\n<p>100D Pasir Panjang Rd.<br \/>\n#02-02 Meissa<br \/>\nSingapore 118520<\/p>\n<p>SINGAPORE<\/p>\n<p><strong>T. +<\/strong>65 6748 7011<br \/>\n<strong>F. +<\/strong>65 6234 0417<br \/>\n<a href=\"mailto:Markbarden@axend.biz\">Markbarden@axend.biz<\/a><br \/>\n<a href=\"https:\/\/www.axend.biz\" target=\"_blank\" rel=\"noopener\">www.axend.biz<\/a>[\/vc_column_text][\/vc_column_inner][\/vc_row_inner][vc_row_inner][vc_column_inner width=&#8221;1\/3&#8243;][vc_column_text css=&#8221;&#8221;]<\/p>\n<h3>Biesterfeld Finland Oy<\/h3>\n<p>Isoniityntie 2<br \/>\n21600 Parainen<\/p>\n<p>FINLAND<\/p>\n<p><strong>T. +<\/strong>358 2 458 2220<br \/>\n<strong>F. +<\/strong>358 2 458 3260<br \/>\n<a href=\"mailto:info@biesterfeld.fi\">info@biesterfeld.fi<\/a><br \/>\n<a href=\"https:\/\/www.biesterfeld.fi\" target=\"_blank\" rel=\"noopener\">www.biesterfeld.fi<\/a>[\/vc_column_text][\/vc_column_inner][vc_column_inner width=&#8221;1\/3&#8243;][vc_column_text css=&#8221;&#8221;]<\/p>\n<h3>GES-Texma<\/h3>\n<p>90 Avshalom Guissin Street<br \/>\nKiriat Arie Industrial Zone<br \/>\n4922395 &#8211; Petach Tikwa<\/p>\n<p>ISRAEL<\/p>\n<p><strong>T. +<\/strong>972 3 9277600<br \/>\n<a href=\"mailto:ravivb@ges.co.il\">ravivb@ges.co.il<\/a><br \/>\n<a href=\"https:\/\/www.ges-texma.co.il\" target=\"_blank\" rel=\"noopener\">www.ges-texma.co.il<\/a>[\/vc_column_text][\/vc_column_inner][vc_column_inner width=&#8221;1\/3&#8243;][vc_column_text css=&#8221;&#8221;]<\/p>\n<h3>Biesterfeld Sweden AB<\/h3>\n<p>P.O. Box 6131<br \/>\n600 06 Norrk\u00f6ping<\/p>\n<p>SWEDEN<\/p>\n<p><strong>T. +<\/strong>46 11149030<br \/>\n<a href=\"mailto:info@biesterfeld.se\">info@biesterfeld.se<\/a><br \/>\n<a href=\"https:\/\/www.biesterfeld.se\" target=\"_blank\" rel=\"noopener\">www.biesterfeld.se<\/a>[\/vc_column_text][\/vc_column_inner][\/vc_row_inner][vc_row_inner][vc_column_inner width=&#8221;1\/3&#8243;][vc_column_text css=&#8221;&#8221;]<\/p>\n<h3>Abadis AG<\/h3>\n<p>Sihlbruggstrasse 144<br \/>\n6340 Baar<\/p>\n<p>SWITZERLAND<\/p>\n<p><strong>T. +<\/strong>41 768 27 27<br \/>\n<strong>F. +<\/strong>41 768 27 20<br \/>\n<a href=\"mailto:info@abadis.ch\">info@abadis.ch<\/a><br \/>\n<a href=\"https:\/\/www.abadis.ch\" target=\"_blank\" rel=\"noopener\">www.abadis.ch<\/a>[\/vc_column_text][\/vc_column_inner][vc_column_inner width=&#8221;1\/3&#8243;][vc_column_text css=&#8221;&#8221;]<\/p>\n<h3>EZBOND Chemical Co. Ltd.<\/h3>\n<p>4F-1, No. 102<br \/>\nSong Long. Rd.<br \/>\nSinyi District<br \/>\n11063 Taipei<\/p>\n<p>TAIWAN<\/p>\n<p><strong>T. +<\/strong>886 2 27662626<br \/>\n<strong>F. +<\/strong>886 2 27663737<br \/>\n<a href=\"mailto:service.tw@ezbond.com.tw\">service.tw@ezbond.com.tw<\/a><br \/>\n<a href=\"https:\/\/www.ezbond.com.tw\" target=\"_blank\" rel=\"noopener\">www.ezbond.com.tw<\/a>[\/vc_column_text][\/vc_column_inner][vc_column_inner width=&#8221;1\/3&#8243;][vc_column_text css=&#8221;&#8221;]<\/p>\n<h3>Latro Kimya D\u0131\u015f Ticaret Ltd. \u015eti.<\/h3>\n<p>Mahmutbey Mah. Tasocagi Yolu<br \/>\nCad. No: 19\/3 Balance Gunesli D Blok<br \/>\n34212 Bagcilar\/\u0130stanbul<\/p>\n<p>TURKEY<\/p>\n<p><strong>T. +<\/strong>90 212 771 60 36<br \/>\n<strong>F. +<\/strong>90 212 771 60 35<br \/>\n<a href=\"mailto:info@latro.com.tr\">info@latro.com.tr<\/a><br \/>\n<a href=\"https:\/\/www.latro.com.tr\" target=\"_blank\" rel=\"noopener\">www.latro.com.tr<\/a>[\/vc_column_text][\/vc_column_inner][\/vc_row_inner][\/vc_tta_section][vc_tta_section title=&#8221;Curing&#8221; tab_id=&#8221;1756970449023-a6f92e6f-023b&#8221;][vc_row_inner][vc_column_inner width=&#8221;1\/3&#8243;][vc_column_text css=&#8221;&#8221;]<\/p>\n<h3>Eiskopf<\/h3>\n<p>Jaanus Eiskop<br \/>\n3rd floor, Metro Plaza,<br \/>\nViru V\u00e4ljak 2<br \/>\nEE-10111 Tallinn<\/p>\n<p>ESTONIA<\/p>\n<p><strong>T. +<\/strong>372 6788080<br \/>\n<strong>F. +<\/strong>372 56247146<br \/>\n<a href=\"mailto:jaanus@eiskop.ee\">jaanus@eiskop.ee<\/a><br \/>\n<a href=\"https:\/\/www.eiskopf.eu\" target=\"_blank\" rel=\"noopener\">www.eiskopf.eu<\/a>[\/vc_column_text][\/vc_column_inner][vc_column_inner width=&#8221;1\/3&#8243;][vc_column_text css=&#8221;&#8221;]<\/p>\n<h3>Techsil Limited<\/h3>\n<p>34 Bidavon Industrial Estate<br \/>\nWaterloo Road, Bidford on Avon<br \/>\nB50 4JN Warwickshire<\/p>\n<p>UK<\/p>\n<p><strong>T. +<\/strong>44 1789 77 32 32<br \/>\n<strong>F. +<\/strong>44 1789 77 42 39<br \/>\n<a href=\"mailto:sales@techsil.co.uk\">sales@techsil.co.uk<\/a><br \/>\n<a href=\"https:\/\/www.techsil.co.uk\" target=\"_blank\" rel=\"noopener\">www.techsil.co.uk<\/a>[\/vc_column_text][\/vc_column_inner][vc_column_inner width=&#8221;1\/3&#8243;][vc_column_text css=&#8221;&#8221;]<\/p>\n<h3>San Printech Pvt. Ltd.<\/h3>\n<p>502, Kanakia Atrium 2,<br \/>\nNext to courtyard marriott,<br \/>\nAndheri &#8211; Kurla Road, Andheri East,<br \/>\nMumbai- 400059<\/p>\n<p>INDIA<\/p>\n<p><strong>T. +<\/strong>91 8976917141\/42\/43<br \/>\n<a href=\"mailto:sales@sanprintech.com\">sales@sanprintech.com<\/a><br \/>\n<a href=\"http:\/\/www.sanprintech.com\" target=\"_blank\" rel=\"noopener\">www.sanprintech.com<\/a>[\/vc_column_text][\/vc_column_inner][\/vc_row_inner][vc_row_inner][vc_column_inner width=&#8221;1\/3&#8243;][vc_column_text css=&#8221;&#8221;]<\/p>\n<h3>ECT Adhesive Solutions<\/h3>\n<p>Unit 5, Willsborough Industrial Estate,<br \/>\nClonshaugh,<br \/>\nDublin, D17 X336<\/p>\n<p>IRELAND<\/p>\n<p><strong>T. +<\/strong>353 1 885 0000<br \/>\n<a href=\"mailto:info@ect.ie\">info@ect.ie<\/a><br \/>\n<a href=\"https:\/\/www.ect.ie\" target=\"_blank\" rel=\"noopener\">www.ect.ie<\/a>[\/vc_column_text][\/vc_column_inner][vc_column_inner width=&#8221;1\/3&#8243;][vc_column_text css=&#8221;&#8221;]<\/p>\n<h3>Rotal Adhesives and Chemicals Ltd.<\/h3>\n<p>21 Atir Yeda St. P.O.B. 2292<br \/>\nIL-Kfar Saba 44 641<\/p>\n<p>ISRAEL<\/p>\n<p><strong>T. +<\/strong>972 9 766 79 90<br \/>\n<strong>F. +<\/strong>972 9 766 79 91<br \/>\n<a href=\"mailto:honle@rotal.com\">honle@rotal.com<\/a><br \/>\n<a href=\"https:\/\/www.rotal.com\" target=\"_blank\" rel=\"noopener\">www.rotal.com<\/a>[\/vc_column_text][\/vc_column_inner][vc_column_inner width=&#8221;1\/3&#8243;][vc_column_text css=&#8221;&#8221;]<\/p>\n<h3>Iwasaki Associates Inc.<\/h3>\n<p>4-30-18 Taishido<br \/>\nSetagaya-ku<br \/>\nTokyo<\/p>\n<p>JAPAN<\/p>\n<p><strong>T. +<\/strong>81 3 34 12 48 89<br \/>\n<strong>F. +<\/strong>81 3 34 12 48 96<br \/>\n<a href=\"mailto:riwasaki@mb.infoweb.ne.jp\">riwasaki@mb.infoweb.ne.jp<\/a>[\/vc_column_text][\/vc_column_inner][\/vc_row_inner][vc_row_inner][vc_column_inner width=&#8221;1\/3&#8243;][vc_column_text css=&#8221;&#8221;]<\/p>\n<h3>Shinyoung Rad Chem. Ltd.<\/h3>\n<p>Geumsan Bldg. #1002,<br \/>\n17-1 Yeouido-Dong, Yeongdeungpo-Gu<br \/>\nKR-Seoul, 150-727<\/p>\n<p>SOUTH KOREA<\/p>\n<p><strong>T. +<\/strong>82 2 780 25 31<br \/>\n<strong>F. +<\/strong>82 2 780 25 33<br \/>\n<a href=\"mailto:syrc1993@shinyoungrc.co.kr\">syrc1993@shinyoungrc.co.kr<\/a><br \/>\n<a href=\"https:\/\/www.shinyoungrc.co.kr\" target=\"_blank\" rel=\"noopener\">www.shinyoungrc.co.kr<\/a>[\/vc_column_text][\/vc_column_inner][vc_column_inner width=&#8221;1\/3&#8243;][vc_column_text css=&#8221;&#8221;]<\/p>\n<h3>Biesterfeld Norge AS<\/h3>\n<p>Torvuttaket 89<br \/>\nN-1540 Vestby<\/p>\n<p>NORWAY<\/p>\n<p><strong>T. +<\/strong>47 6497 5555<br \/>\n<strong>F. +<\/strong>47 6497 5556<br \/>\n<a href=\"mailto:post@biesterfeld.no\">post@biesterfeld.no<\/a><br \/>\n<a href=\"https:\/\/www.biesterfeld.no\" target=\"_blank\" rel=\"noopener\">www.biesterfeld.no<\/a>[\/vc_column_text][\/vc_column_inner][vc_column_inner width=&#8221;1\/3&#8243;][vc_column_text css=&#8221;&#8221;]<\/p>\n<h3>UC.H. Erbsl\u00f6h Polska Sp. z o.o.<\/h3>\n<p>ul. Farbiarska 69<br \/>\n02-862 Warszawa<\/p>\n<p>POLAND<\/p>\n<p><strong>T. +<\/strong>48 22 899 19 44 \/ 46<br \/>\n<strong>F. +<\/strong>48 22 899 19 47<br \/>\ninfo.pl@cherbsloeh.com<br \/>\nwww.sanprintech.com[\/vc_column_text][\/vc_column_inner][\/vc_row_inner][vc_row_inner][vc_column_inner width=&#8221;1\/3&#8243;][vc_column_text css=&#8221;&#8221;]<\/p>\n<h3>Ulbrich GmbH<\/h3>\n<p>Josefsthalerstr. 34<br \/>\n2512 Tribuswinkel<\/p>\n<p>AUSTRIA<\/p>\n<p><strong>T. +<\/strong>43 2252 802 13<br \/>\n<strong>F. +<\/strong>43 2252 806 59<br \/>\n<a href=\"mailto:office@ulbrich.at\">office@ulbrich.at<\/a><br \/>\n<a href=\"https:\/\/www.ulbrich-group.com\" target=\"_blank\" rel=\"noopener\">www.ulbrich-group.com<\/a>[\/vc_column_text][\/vc_column_inner][vc_column_inner width=&#8221;1\/3&#8243;][vc_column_text css=&#8221;&#8221;]<\/p>\n<h3>Permapack AG<\/h3>\n<p>Reitbahnstrasse 51<br \/>\n9401 Rorschach<\/p>\n<p>SWITZERLAND<\/p>\n<p><strong>T. +<\/strong>41 7184 417 48<br \/>\n<strong>F. +<\/strong>41 7184 412 13<br \/>\n<a href=\"mailto:industrie@permapack.ch\">industrie@permapack.ch<\/a><br \/>\n<a href=\"https:\/\/www.permapack.ch\" target=\"_blank\" rel=\"noopener\">www.permapack.ch<\/a>[\/vc_column_text][\/vc_column_inner][vc_column_inner width=&#8221;1\/3&#8243;][vc_column_text css=&#8221;&#8221;]<\/p>\n<h3>G.A. Lindberg ChemTech AB<\/h3>\n<p>Box 6044<br \/>\n164 06 Kista<\/p>\n<p>SWEDEN<\/p>\n<p><strong>T. +<\/strong>46 8 7030200<br \/>\n<strong>F. +<\/strong>46 8 7030248<br \/>\n<a href=\"mailto:info@galindberg.se\">info@galindberg.se<\/a><br \/>\n<a href=\"https:\/\/www.galindberg.se\/chemtech\" target=\"_blank\" rel=\"noopener\">www.galindberg.se\/chemtech<\/a>[\/vc_column_text][\/vc_column_inner][\/vc_row_inner][vc_row_inner][vc_column_inner width=&#8221;1\/3&#8243;][vc_column_text css=&#8221;&#8221;]<\/p>\n<h3>Axend Pte Ltd.<\/h3>\n<p>100D Pasir Panjang Rd.<br \/>\n#02-02 Meissa<br \/>\nSingapore 118520<\/p>\n<p>SINGAPORE<\/p>\n<p><strong>T. +<\/strong>65 6748 7011<br \/>\n<strong>F. +<\/strong>65 6234 0417<br \/>\n<a href=\"mailto:Markbarden@axend.biz\">Markbarden@axend.biz<\/a><br \/>\n<a href=\"https:\/\/www.axend.biz\" target=\"_blank\" rel=\"noopener\">www.axend.biz<\/a>[\/vc_column_text][\/vc_column_inner][vc_column_inner width=&#8221;1\/3&#8243;][vc_column_text css=&#8221;&#8221;]<\/p>\n<h3>EUFLEX Technology Corp.<\/h3>\n<p>5Fl. No. 500, FuQian St., Xinzhuang District,<br \/>\nNew Taipei City 24250<\/p>\n<p>TAIWAN<\/p>\n<p><strong>T. +<\/strong>886 2 8521 3680<br \/>\n<strong>F. +<\/strong>886 2 8521 3690<br \/>\n<a href=\"mailto:info@euflex.com.tw\">info@euflex.com.tw<\/a><br \/>\n<a href=\"https:\/\/www.euflex.com.tw\" target=\"_blank\" rel=\"noopener\">www.euflex.com.tw<\/a>[\/vc_column_text][\/vc_column_inner][vc_column_inner width=&#8221;1\/3&#8243;][vc_column_text css=&#8221;&#8221;]<\/p>\n<h3>KOMPAKT MAK\u0130NA S\u0130STEMLER\u0130 M\u00dcHEND\u0130SL\u0130K ve PAZARLAMA A.\u015e.<\/h3>\n<p>Abbasa\u011fa Mah. Ke\u015f\u015faf Sokak<br \/>\nMisbah Apt. 8A Be\u015fikta\u015f \u0130stanbul<\/p>\n<p>TURKEY<\/p>\n<p><strong>T. +<\/strong>90 532 2456585<br \/>\n<strong>F. +<\/strong>90 212 2873397<br \/>\n<a href=\"mailto:serkan.ozdemir@kompakt.com.tr\">serkan.ozdemir@kompakt.com.tr<\/a><br \/>\n<a href=\"https:\/\/www.kompakt.com.tr\" target=\"_blank\" rel=\"noopener\">www.kompakt.com.tr<\/a>[\/vc_column_text][\/vc_column_inner][\/vc_row_inner][vc_row_inner][vc_column_inner width=&#8221;1\/3&#8243;][vc_column_text css=&#8221;&#8221;]<\/p>\n<h3>CyanX Ltd.<\/h3>\n<p>Unit 1, South View Business Park<br \/>\nGhyll Royd<br \/>\nGuiseley<br \/>\nLS20 9LT Leeds<\/p>\n<p>UK<\/p>\n<p><strong>T. +<\/strong>44 3333 21 85 21<br \/>\n<strong>F. +<\/strong>44 1943 87 12 75<br \/>\n<a href=\"mailto:sales@cyanx.co.uk\">sales@cyanx.co.uk<\/a><br \/>\n<a href=\"https:\/\/www.cyanx.co.uk\" target=\"_blank\" rel=\"noopener\">www.cyanx.co.uk<\/a>[\/vc_column_text][\/vc_column_inner][vc_column_inner width=&#8221;1\/3&#8243;][vc_column_text css=&#8221;&#8221;]<\/p>\n<h3>ESJ Grafix Services PTY LTD<\/h3>\n<p>Po Box 574<br \/>\nWoodend<br \/>\nVic 3442<\/p>\n<p>AUSTRALIA<\/p>\n<p><strong>T. +<\/strong>61 40 8887948<br \/>\n<strong>F. +<\/strong>61 40 8887948<br \/>\n<a href=\"mailto:info@esjgrafix.com.au\">info@esjgrafix.com.au<\/a>[\/vc_column_text][\/vc_column_inner][vc_column_inner width=&#8221;1\/3&#8243;][vc_column_text css=&#8221;&#8221;]<\/p>\n<h3>SEMTEC GRAPHICS<\/h3>\n<p>E-85\/1 Naraina Vihar,<br \/>\nNew Delhi &#8211; 110028<\/p>\n<p>INDIA<\/p>\n<p><strong>T. +<\/strong>49 \/ 4101 5150-700<br \/>\n<strong>F. +<\/strong>49 \/ 4101 5150-729<br \/>\n<a href=\"mailto:office@semtecmail.in\">office@semtecmail.in<\/a>[\/vc_column_text][\/vc_column_inner][\/vc_row_inner][vc_row_inner][vc_column_inner width=&#8221;1\/3&#8243;][vc_column_text css=&#8221;&#8221;]<\/p>\n<h3>MKK Matsumoto Kinzoku Kogyo Co. Ltd.<\/h3>\n<p>2-12-8,Tenma<br \/>\nKita-ku,Osaka<\/p>\n<p>JAPAN<\/p>\n<p><strong>T. +<\/strong>81 6 6353 5352<br \/>\n<strong>F. +<\/strong>81 6 6353 9449<br \/>\n<a href=\"https:\/\/www.matsukin.co.jp\" target=\"_blank\" rel=\"noopener\">www.matsukin.co.jp<\/a>[\/vc_column_text][\/vc_column_inner][vc_column_inner width=&#8221;1\/3&#8243;][vc_column_text css=&#8221;&#8221;]<\/p>\n<h3>groupwork Servi\u00e7os de Representa\u00e7\u00e3o Comercial Ltda.<\/h3>\n<p>Trend Paulista Offices<br \/>\nRua Vergueiro, 2253 | Villa Mariana | conj. 1415\/1416<br \/>\n04101\u2014100 S\u00e3o Paulo &#8211; SP<\/p>\n<p>BRAZIL<\/p>\n<p><strong>T. +<\/strong>55 11 3500-4411<br \/>\n<a href=\"mailto:info@groupworkbrasil.com.br\">info@groupworkbrasil.com.br<\/a><br \/>\n<a href=\"https:\/\/www.groupworkbrasil.com.br\" target=\"_blank\" rel=\"noopener\">www.groupworkbrasil.com.br<\/a>[\/vc_column_text][\/vc_column_inner][vc_column_inner width=&#8221;1\/3&#8243;][vc_column_text css=&#8221;&#8221;]<\/p>\n<h3>IfG\u00a0Ingenieurb\u00fcro f\u00fcr Glastechnik GmbH<\/h3>\n<p>Brunnweinbergstr. 19<br \/>\n71334 Waiblingen<\/p>\n<p>GERMANY<\/p>\n<p><strong>T.+<\/strong>49 71 51 48 79 770<br \/>\n<a href=\"mailto:ifg@ifg-glass.com\">ifg@ifg-glass.com<\/a><br \/>\n<a href=\"https:\/\/www.ifg-glass.com\/en\/\" target=\"_blank\" rel=\"noopener\">www.ifg-glass.com\/en\/<\/a>[\/vc_column_text][\/vc_column_inner][\/vc_row_inner][\/vc_tta_section][vc_tta_section title=&#8221;Disinfection&#8221; tab_id=&#8221;1756972364777-29f9645e-a9f7&#8243;][vc_row_inner][vc_column_inner width=&#8221;1\/3&#8243;][vc_column_text css=&#8221;&#8221;]<\/p>\n<h3>San Printech Pvt. Ltd.<\/h3>\n<p>502, Kanakia Atrium 2,<br \/>\nNext to courtyard marriott,<br \/>\nAndheri &#8211; Kurla Road, Andheri East,<br \/>\nMumbai- 400059<\/p>\n<p>INDIA<\/p>\n<p><strong>T. +<\/strong>91 8976917141\/42\/43<br \/>\n<a href=\"mailto:sales@sanprintech.com\">sales@sanprintech.com<\/a><br \/>\n<a href=\"http:\/\/www.sanprintech.com\" target=\"_blank\" rel=\"noopener\">www.sanprintech.com<\/a>[\/vc_column_text][\/vc_column_inner][vc_column_inner width=&#8221;1\/3&#8243;][vc_column_text css=&#8221;&#8221;]<\/p>\n<h3>Axend Pte Ltd.<\/h3>\n<p>100D Pasir Panjang Rd.<br \/>\n#02-02 Meissa<br \/>\nSingapore 118520<\/p>\n<p>SINGAPORE<\/p>\n<p><strong>T. +<\/strong>65 6748 7011<br \/>\n<strong>F. +<\/strong>65 6234 0417<br \/>\n<a href=\"mailto:Markbarden@axend.biz\">Markbarden@axend.biz<\/a><br \/>\n<a href=\"https:\/\/www.axend.biz\" target=\"_blank\" rel=\"noopener\">www.axend.biz<\/a>[\/vc_column_text][\/vc_column_inner][vc_column_inner width=&#8221;1\/3&#8243;][vc_column_text css=&#8221;&#8221;]<\/p>\n<h3>IR Tech<\/h3>\n<p>Mr. Jin-Haeng Lee<br \/>\n11 Dong 1145 Ho, B Land, Steeland<br \/>\n21 Oido-ro, Siheung-si, Gyeonggi-do<\/p>\n<p>SOUTH KOREA<\/p>\n<p><strong>T. +<\/strong>82 2 6369 9183<br \/>\n<strong>F. +<\/strong>82 2 2645 7629<br \/>\n<a href=\"mailto:ljh0302@gmail.com\">ljh0302@gmail.com<\/a><br \/>\n<a href=\"https:\/\/www.irtechno.co.kr\" target=\"_blank\" rel=\"noopener\">www.irtechno.co.kr<\/a>[\/vc_column_text][\/vc_column_inner][\/vc_row_inner][vc_row_inner][vc_column_inner width=&#8221;1\/3&#8243;][vc_column_text css=&#8221;&#8221;]<\/p>\n<h3>Gredmann Group<\/h3>\n<p>Ms. Stephanie Cheng<br \/>\n9F, 170 Sec 3 Min Chuan E. Road,<br \/>\nTaipei 105<\/p>\n<p>TAIWAN<\/p>\n<p><strong>T. +<\/strong>886 2 27193126 ext: 291<br \/>\n<strong>F. +<\/strong>886 2 27193036<br \/>\n<a href=\"mailto:stephanie@gredmann.com\">stephanie@gredmann.com<\/a><br \/>\n<a href=\"https:\/\/www.gredmann.com\" target=\"_blank\" rel=\"noopener\">www.gredmann.com<\/a>[\/vc_column_text][\/vc_column_inner][vc_column_inner width=&#8221;1\/3&#8243;][vc_column_text css=&#8221;&#8221;]<\/p>\n<h3>Hitek Quartz Ltd<\/h3>\n<p>Mr. Satoshi Hayashiguchi<br \/>\n4-7-11-206 Kasuya,<br \/>\nSetagaya-ku<br \/>\n157-0063 Tokyo<\/p>\n<p>JAPAN<\/p>\n<p><strong>T. +<\/strong>81 3 3305 0699<br \/>\n<strong>F. +<\/strong>81 3 3305 2212<br \/>\n<a href=\"mailto:sgucci@jcom.home.ne.jp\">sgucci@jcom.home.ne.jp<\/a>[\/vc_column_text][\/vc_column_inner][vc_column_inner width=&#8221;1\/3&#8243;][\/vc_column_inner][\/vc_row_inner][\/vc_tta_section][\/vc_tta_accordion][\/vc_column][\/vc_row][\/vc_section]<\/p>\n<\/div>","protected":false},"excerpt":{"rendered":"<p>[vc_section css=&#8221;.vc_custom_1756460239057{background-color: #F2F4F6 !important;}&#8221;][vc_row][vc_column][\/vc_column][\/vc_row][vc_row][vc_column width=&#8221;1\/2&#8243;][\/vc_column][vc_column width=&#8221;1\/2&#8243;][vc_column_text css=&#8221;&#8221;]We offer a broad network of sales partners to meet your needs locally. Whether [&hellip;]<\/p>\n","protected":false},"author":18,"featured_media":0,"parent":30,"menu_order":6,"comment_status":"closed","ping_status":"closed","template":"","meta":{"inline_featured_image":false,"site-sidebar-layout":"no-sidebar","site-content-layout":"plain-container","ast-site-content-layout":"default","site-content-style":"default","site-sidebar-style":"default","ast-global-header-display":"","ast-banner-title-visibility":"","ast-main-header-display":"","ast-hfb-above-header-display":"","ast-hfb-below-header-display":"","ast-hfb-mobile-header-display":"","site-post-title":"disabled","ast-breadcrumbs-content":"","ast-featured-img":"disabled","footer-sml-layout":"","ast-disable-related-posts":"","theme-transparent-header-meta":"default","adv-header-id-meta":"","stick-header-meta":"","header-above-stick-meta":"","header-main-stick-meta":"","header-below-stick-meta":"","astra-migrate-meta-layouts":"set","ast-page-background-enabled":"default","ast-page-background-meta":{"desktop":{"background-color":"var(--ast-global-color-5)","background-image":"","background-repeat":"repeat","background-position":"center center","background-size":"auto","background-attachment":"scroll","background-type":"","background-media":"","overlay-type":"","overlay-color":"","overlay-opacity":"","overlay-gradient":""},"tablet":{"background-color":"","background-image":"","background-repeat":"repeat","background-position":"center center","background-size":"auto","background-attachment":"scroll","background-type":"","background-media":"","overlay-type":"","overlay-color":"","overlay-opacity":"","overlay-gradient":""},"mobile":{"background-color":"","background-image":"","background-repeat":"repeat","background-position":"center center","background-size":"auto","background-attachment":"scroll","background-type":"","background-media":"","overlay-type":"","overlay-color":"","overlay-opacity":"","overlay-gradient":""}},"ast-content-background-meta":{"desktop":{"background-color":"var(--ast-global-color-4)","background-image":"","background-repeat":"repeat","background-position":"center center","background-size":"auto","background-attachment":"scroll","background-type":"","background-media":"","overlay-type":"","overlay-color":"","overlay-opacity":"","overlay-gradient":""},"tablet":{"background-color":"var(--ast-global-color-4)","background-image":"","background-repeat":"repeat","background-position":"center center","background-size":"auto","background-attachment":"scroll","background-type":"","background-media":"","overlay-type":"","overlay-color":"","overlay-opacity":"","overlay-gradient":""},"mobile":{"background-color":"var(--ast-global-color-4)","background-image":"","background-repeat":"repeat","background-position":"center center","background-size":"auto","background-attachment":"scroll","background-type":"","background-media":"","overlay-type":"","overlay-color":"","overlay-opacity":"","overlay-gradient":""}},"footnotes":""},"class_list":["post-5795","page","type-page","status-publish","hentry"],"_links":{"self":[{"href":"https:\/\/hoenle.cn\/en\/wp-json\/wp\/v2\/pages\/5795","targetHints":{"allow":["GET"]}}],"collection":[{"href":"https:\/\/hoenle.cn\/en\/wp-json\/wp\/v2\/pages"}],"about":[{"href":"https:\/\/hoenle.cn\/en\/wp-json\/wp\/v2\/types\/page"}],"author":[{"embeddable":true,"href":"https:\/\/hoenle.cn\/en\/wp-json\/wp\/v2\/users\/18"}],"replies":[{"embeddable":true,"href":"https:\/\/hoenle.cn\/en\/wp-json\/wp\/v2\/comments?post=5795"}],"version-history":[{"count":63,"href":"https:\/\/hoenle.cn\/en\/wp-json\/wp\/v2\/pages\/5795\/revisions"}],"predecessor-version":[{"id":22041,"href":"https:\/\/hoenle.cn\/en\/wp-json\/wp\/v2\/pages\/5795\/revisions\/22041"}],"up":[{"embeddable":true,"href":"https:\/\/hoenle.cn\/en\/wp-json\/wp\/v2\/pages\/30"}],"wp:attachment":[{"href":"https:\/\/hoenle.cn\/en\/wp-json\/wp\/v2\/media?parent=5795"}],"curies":[{"name":"wp","href":"https:\/\/api.w.org\/{rel}","templated":true}]}}